{"id":1860,"date":"2018-02-06T16:30:32","date_gmt":"2018-02-06T16:30:32","guid":{"rendered":"https:\/\/www.gruppofanti.com\/cookie-policy\/"},"modified":"2019-04-05T09:15:15","modified_gmt":"2019-04-05T09:15:15","slug":"cookie-policy","status":"publish","type":"page","link":"https:\/\/www.gruppofanti.com\/fr\/cookie-policy\/","title":{"rendered":"Cookie Policy"},"content":{"rendered":"<p>Ce site Web ou des outils tiers utilis\u00e9s par ce site utilisent des cookies n\u00e9cessaires \u00e0 son fonctionnement et utiles aux fins d\u00e9crites dans la Politique de cookies situ\u00e9e au bas de la page. Si vous souhaitez en savoir plus ou d\u00e9sactiver certains ou tous les cookies, consultez la politique en mati\u00e8re de cookies. En fermant cette banni\u00e8re, en faisant d\u00e9filer cette page, en cliquant sur un lien ou en poursuivant la navigation de toute autre mani\u00e8re, vous consentez \u00e0 l&rsquo;utilisation de cookies.<\/p>\n","protected":false},"excerpt":{"rendered":"<p>Ce site Web ou des outils tiers utilis\u00e9s par ce site utilisent des cookies n\u00e9cessaires \u00e0 son fonctionnement et utiles aux fins d\u00e9crites dans la Politique de cookies situ\u00e9e au bas de la page. Si vous souhaitez en savoir plus ou d\u00e9sactiver certains ou tous les cookies, consultez la politique en mati\u00e8re de cookies. En<\/p>\n","protected":false},"author":3,"featured_media":0,"parent":0,"menu_order":0,"comment_status":"closed","ping_status":"closed","template":"","meta":[],"_links":{"self":[{"href":"https:\/\/www.gruppofanti.com\/fr\/wp-json\/wp\/v2\/pages\/1860"}],"collection":[{"href":"https:\/\/www.gruppofanti.com\/fr\/wp-json\/wp\/v2\/pages"}],"about":[{"href":"https:\/\/www.gruppofanti.com\/fr\/wp-json\/wp\/v2\/types\/page"}],"author":[{"embeddable":true,"href":"https:\/\/www.gruppofanti.com\/fr\/wp-json\/wp\/v2\/users\/3"}],"replies":[{"embeddable":true,"href":"https:\/\/www.gruppofanti.com\/fr\/wp-json\/wp\/v2\/comments?post=1860"}],"version-history":[{"count":1,"href":"https:\/\/www.gruppofanti.com\/fr\/wp-json\/wp\/v2\/pages\/1860\/revisions"}],"predecessor-version":[{"id":1861,"href":"https:\/\/www.gruppofanti.com\/fr\/wp-json\/wp\/v2\/pages\/1860\/revisions\/1861"}],"wp:attachment":[{"href":"https:\/\/www.gruppofanti.com\/fr\/wp-json\/wp\/v2\/media?parent=1860"}],"curies":[{"name":"wp","href":"https:\/\/api.w.org\/{rel}","templated":true}]}}